{"id":2210,"date":"2022-12-13T09:04:09","date_gmt":"2022-12-13T09:04:09","guid":{"rendered":"https:\/\/footyfoot.com\/politique-de-confidentialite\/"},"modified":"2024-11-26T07:57:19","modified_gmt":"2024-11-26T07:57:19","slug":"politique-de-confidentialite","status":"publish","type":"page","link":"https:\/\/footyfoot.com\/fr\/politique-de-confidentialite\/","title":{"rendered":"Politique de confidentialit\u00e9"},"content":{"rendered":"\t\t<div data-elementor-type=\"wp-page\" data-elementor-id=\"2210\" class=\"elementor elementor-2210 elementor-2193\" data-elementor-post-type=\"page\">\n\t\t\t\t<div class=\"elementor-element elementor-element-8b8dd2d e-flex e-con-boxed e-con e-parent\" data-id=\"8b8dd2d\" data-element_type=\"container\" data-settings=\"{&quot;jet_parallax_layout_list&quot;:[],&quot;background_background&quot;:&quot;classic&quot;}\">\n\t\t\t\t\t<div class=\"e-con-inner\">\n\t\t<div class=\"elementor-element elementor-element-80284e3 e-flex e-con-boxed e-con e-child\" data-id=\"80284e3\" data-element_type=\"container\" data-settings=\"{&quot;jet_parallax_layout_list&quot;:[]}\">\n\t\t\t\t\t<div class=\"e-con-inner\">\n\t\t\t\t<div class=\"elementor-element elementor-element-0eb8371 elementor-widget elementor-widget-text-editor\" data-id=\"0eb8371\" data-element_type=\"widget\" data-widget_type=\"text-editor.default\">\n\t\t\t\t<div class=\"elementor-widget-container\">\n\t\t\t\t\t\t\t\t\t<h3><span style=\"font-size: 22pt;\"><strong>Politique de confidentialit\u00e9<\/strong><\/span><\/h3><h2><span style=\"font-size: 14pt;\"><strong>Identit\u00e9<\/strong><\/span><\/h2><p><strong>Nom du site web<\/strong> : Footyfoot Adresse du site : https:\/\/www.footyfoot.com<\/p><p><strong>Propri\u00e9taire<\/strong> : La Soci\u00e9t\u00e9 (telle que d\u00e9finie ci-apr\u00e8s) Responsable de publication : Omid AHMADI KERMANSHAHANI<\/p><p><strong>H\u00e9bergement<\/strong> : OVH Cloud &#8211; 2, Rue Kellermann, 59100 Roubaix \u2013 num\u00e9ro de contact : 1007<\/p><p><strong>Site Design, integration and technical Support<\/strong> : L\u00e9a Rabatel, <span style=\"color: #e2ba53;\"><a style=\"color: #e2ba53;\" href=\"http:\/\/learabatel.fr\">webdesigner Toulouse<\/a><\/span><\/p><p>FOOTYFOOT MG, soci\u00e9t\u00e9 par actions simplifi\u00e9e dont le si\u00e8ge social est sis 59 rue de Ponthieu, 75008 Paris (ci-apr\u00e8s la \u00ab Soci\u00e9t\u00e9 \u00bb).<br \/>&#8212;&#8212;&#8212;&#8212;&#8212;&#8212;&#8212;&#8212;&#8212;&#8212;&#8212;&#8212;&#8212;&#8212;&#8212;&#8212;&#8212;&#8212;&#8212;&#8212;&#8212;&#8212;&#8212;&#8212;&#8212;&#8212;&#8212;&#8212;&#8212;&#8212;&#8212;&#8212;&#8212;-<\/p><h2><span style=\"font-size: 14pt;\">Conditions d\u2019utilisation<\/span><\/h2><p>L\u2019utilisation du pr\u00e9sent site implique l\u2019acceptation pleine et enti\u00e8re des conditions g\u00e9n\u00e9rales d\u2019utilisation d\u00e9crites ci-apr\u00e8s. Ces conditions d\u2019utilisation sont susceptibles d\u2019\u00eatre modifi\u00e9es ou compl\u00e9t\u00e9es \u00e0 tout moment.<\/p><h2><span style=\"font-size: 14pt;\">Informations<\/span><\/h2><p>Les informations et documents du site sont pr\u00e9sent\u00e9s \u00e0 titre indicatif, sans caract\u00e8re exhaustif, et ne peuvent engager la responsabilit\u00e9 du propri\u00e9taire du site.<br \/>Le propri\u00e9taire du site ne peut \u00eatre tenu responsable des dommages directs et indirects cons\u00e9cutifs \u00e0 l\u2019acc\u00e8s au site.<\/p><h2><span style=\"font-size: 14pt;\">Interactivit\u00e9<\/span><\/h2><p>Les utilisateurs du site peuvent, le cas \u00e9ch\u00e9ant, y d\u00e9poser du contenu, apparaissant sur le site dans des espaces d\u00e9di\u00e9s (notamment via les commentaires). Le contenu d\u00e9pos\u00e9 reste sous la responsabilit\u00e9 de leurs auteurs, qui en assument pleinement l\u2019enti\u00e8re responsabilit\u00e9 juridique.<br \/>Le propri\u00e9taire du site se r\u00e9serve n\u00e9anmoins le droit de retirer sans pr\u00e9avis et sans justification tout contenu d\u00e9pos\u00e9 par les utilisateurs qui ne satisferait pas \u00e0 la charte d\u00e9ontologique du site ou \u00e0 la l\u00e9gislation en vigueur.<\/p><h2>\u00a0<\/h2><h2><span style=\"font-size: 22pt; color: #e2ba53;\">Propri\u00e9t\u00e9 intellectuelle<\/span><\/h2><p>Sauf mention contraire, tous les \u00e9l\u00e9ments accessibles sur le site (textes, images, graphismes, logo, ic\u00f4nes, sons, logiciels, etc.) restent la propri\u00e9t\u00e9 exclusive de leurs auteurs, en ce qui concerne les droits de propri\u00e9t\u00e9 intellectuelle ou les droits d\u2019usage.<\/p><p>Toute reproduction, repr\u00e9sentation, modification, publication, adaptation de tout ou partie des \u00e9l\u00e9ments du site, quel que soit le moyen ou le proc\u00e9d\u00e9 utilis\u00e9, est interdite, sauf autorisation \u00e9crite pr\u00e9alable de l\u2019auteur.<\/p><p>Toute exploitation non autoris\u00e9e du site ou de l\u2019un quelconque des \u00e9l\u00e9ments qu\u2019il contient est consid\u00e9r\u00e9e comme constitutive d\u2019une contrefa\u00e7on et passible de poursuites.<br \/>Les marques et logos reproduits sur le site sont d\u00e9pos\u00e9s par les soci\u00e9t\u00e9s qui en sont propri\u00e9taires.<\/p><h2><span style=\"font-size: 14pt;\">Liens<\/span><\/h2><p><strong>Liens sortants :<\/strong><br \/>Le propri\u00e9taire du site d\u00e9cline toute responsabilit\u00e9 et n\u2019est pas engag\u00e9 par le r\u00e9f\u00e9rencement via des liens hypertextes, de ressources tierces pr\u00e9sentes sur le r\u00e9seau Internet, tant en ce qui concerne leur contenu que leur pertinence.<\/p><p><strong>Liens entrants :<\/strong><br \/>Le propri\u00e9taire du site autorise les liens hypertextes vers l\u2019une des pages de ce site, \u00e0 condition que ceux-ci ouvrent une nouvelle fen\u00eatre et soient pr\u00e9sent\u00e9s de mani\u00e8re non \u00e9quivoque afin d\u2019\u00e9viter :<br \/>tout risque de confusion entre le site citant et le propri\u00e9taire du site<br \/>ainsi que toute pr\u00e9sentation tendancieuse, ou contraire aux lois en vigueur.<\/p><p>Le propri\u00e9taire du site se r\u00e9serve le droit de demander la suppression d\u2019un lien s\u2019il estime que le site source ne respecte pas les r\u00e8gles ainsi d\u00e9finies.<\/p><h2>\u00a0<\/h2><h2 style=\"text-align: left;\"><span style=\"font-size: 22pt; color: #e2ba53;\">Confidentialit\u00e9<\/span><\/h2><p>Tout utilisateur dispose d\u2019un droit d\u2019acc\u00e8s, de rectification et d\u2019opposition aux donn\u00e9es personnelles le concernant, en effectuant sa demande \u00e9crite et sign\u00e9e, accompagn\u00e9e d\u2019une preuve d\u2019identit\u00e9.<\/p>\t\t\t\t\t\t\t\t<\/div>\n\t\t\t\t<\/div>\n\t\t\t\t\t<\/div>\n\t\t\t\t<\/div>\n\t\t\t\t\t<\/div>\n\t\t\t\t<\/div>\n\t\t\t\t<\/div>\n\t\t","protected":false},"excerpt":{"rendered":"<p>Politique de confidentialit\u00e9 Identit\u00e9 Nom du site web : Footyfoot Adresse du site : https:\/\/www.footyfoot.com Propri\u00e9taire : La Soci\u00e9t\u00e9 (telle que d\u00e9finie ci-apr\u00e8s) Responsable de publication : Omid AHMADI KERMANSHAHANI H\u00e9bergement : OVH Cloud &#8211; 2, Rue Kellermann, 59100 Roubaix \u2013 num\u00e9ro de contact : 1007 Site Design, integration and technical Support : L\u00e9a Rabatel, [&hellip;]<\/p>\n","protected":false},"author":2,"featured_media":0,"parent":0,"menu_order":0,"comment_status":"closed","ping_status":"closed","template":"","meta":[],"class_list":["post-2210","page","type-page","status-publish","hentry"],"yoast_head":"<!-- This site is optimized with the Yoast SEO plugin v26.5 - https:\/\/yoast.com\/wordpress\/plugins\/seo\/ -->\n<title>Politique de confidentialit\u00e9 - Footyfoot<\/title>\n<meta name=\"robots\" content=\"index, follow, max-snippet:-1, max-image-preview:large, max-video-preview:-1\" \/>\n<link rel=\"canonical\" href=\"https:\/\/footyfoot.com\/fr\/politique-de-confidentialite\/\" \/>\n<meta property=\"og:locale\" content=\"fr_FR\" \/>\n<meta property=\"og:type\" content=\"article\" \/>\n<meta property=\"og:title\" content=\"Politique de confidentialit\u00e9 - Footyfoot\" \/>\n<meta property=\"og:description\" content=\"Politique de confidentialit\u00e9 Identit\u00e9 Nom du site web : Footyfoot Adresse du site : https:\/\/www.footyfoot.com Propri\u00e9taire : La Soci\u00e9t\u00e9 (telle que d\u00e9finie ci-apr\u00e8s) Responsable de publication : Omid AHMADI KERMANSHAHANI H\u00e9bergement : OVH Cloud &#8211; 2, Rue Kellermann, 59100 Roubaix \u2013 num\u00e9ro de contact : 1007 Site Design, integration and technical Support : L\u00e9a Rabatel, [&hellip;]\" \/>\n<meta property=\"og:url\" content=\"https:\/\/footyfoot.com\/fr\/politique-de-confidentialite\/\" \/>\n<meta property=\"og:site_name\" content=\"Footyfoot\" \/>\n<meta property=\"article:modified_time\" content=\"2024-11-26T07:57:19+00:00\" \/>\n<meta name=\"twitter:card\" content=\"summary_large_image\" \/>\n<meta name=\"twitter:label1\" content=\"Dur\u00e9e de lecture estim\u00e9e\" \/>\n\t<meta name=\"twitter:data1\" content=\"3 minutes\" \/>\n<script type=\"application\/ld+json\" class=\"yoast-schema-graph\">{\"@context\":\"https:\/\/schema.org\",\"@graph\":[{\"@type\":\"WebPage\",\"@id\":\"https:\/\/footyfoot.com\/fr\/politique-de-confidentialite\/\",\"url\":\"https:\/\/footyfoot.com\/fr\/politique-de-confidentialite\/\",\"name\":\"Politique de confidentialit\u00e9 - Footyfoot\",\"isPartOf\":{\"@id\":\"https:\/\/footyfoot.com\/fr\/#website\"},\"datePublished\":\"2022-12-13T09:04:09+00:00\",\"dateModified\":\"2024-11-26T07:57:19+00:00\",\"breadcrumb\":{\"@id\":\"https:\/\/footyfoot.com\/fr\/politique-de-confidentialite\/#breadcrumb\"},\"inLanguage\":\"fr-FR\",\"potentialAction\":[{\"@type\":\"ReadAction\",\"target\":[\"https:\/\/footyfoot.com\/fr\/politique-de-confidentialite\/\"]}]},{\"@type\":\"BreadcrumbList\",\"@id\":\"https:\/\/footyfoot.com\/fr\/politique-de-confidentialite\/#breadcrumb\",\"itemListElement\":[{\"@type\":\"ListItem\",\"position\":1,\"name\":\"Accueil\",\"item\":\"https:\/\/footyfoot.com\/fr\/\"},{\"@type\":\"ListItem\",\"position\":2,\"name\":\"Politique de confidentialit\u00e9\"}]},{\"@type\":\"WebSite\",\"@id\":\"https:\/\/footyfoot.com\/fr\/#website\",\"url\":\"https:\/\/footyfoot.com\/fr\/\",\"name\":\"Footyfoot\",\"description\":\"\",\"publisher\":{\"@id\":\"https:\/\/footyfoot.com\/fr\/#organization\"},\"potentialAction\":[{\"@type\":\"SearchAction\",\"target\":{\"@type\":\"EntryPoint\",\"urlTemplate\":\"https:\/\/footyfoot.com\/fr\/?s={search_term_string}\"},\"query-input\":{\"@type\":\"PropertyValueSpecification\",\"valueRequired\":true,\"valueName\":\"search_term_string\"}}],\"inLanguage\":\"fr-FR\"},{\"@type\":\"Organization\",\"@id\":\"https:\/\/footyfoot.com\/fr\/#organization\",\"name\":\"Footyfoot\",\"url\":\"https:\/\/footyfoot.com\/fr\/\",\"logo\":{\"@type\":\"ImageObject\",\"inLanguage\":\"fr-FR\",\"@id\":\"https:\/\/footyfoot.com\/fr\/#\/schema\/logo\/image\/\",\"url\":\"https:\/\/footyfoot.com\/wp-content\/uploads\/2022\/11\/Logo-Footyfoot.svg\",\"contentUrl\":\"https:\/\/footyfoot.com\/wp-content\/uploads\/2022\/11\/Logo-Footyfoot.svg\",\"width\":225,\"height\":46.946,\"caption\":\"Footyfoot\"},\"image\":{\"@id\":\"https:\/\/footyfoot.com\/fr\/#\/schema\/logo\/image\/\"}}]}<\/script>\n<!-- \/ Yoast SEO plugin. -->","yoast_head_json":{"title":"Politique de confidentialit\u00e9 - Footyfoot","robots":{"index":"index","follow":"follow","max-snippet":"max-snippet:-1","max-image-preview":"max-image-preview:large","max-video-preview":"max-video-preview:-1"},"canonical":"https:\/\/footyfoot.com\/fr\/politique-de-confidentialite\/","og_locale":"fr_FR","og_type":"article","og_title":"Politique de confidentialit\u00e9 - Footyfoot","og_description":"Politique de confidentialit\u00e9 Identit\u00e9 Nom du site web : Footyfoot Adresse du site : https:\/\/www.footyfoot.com Propri\u00e9taire : La Soci\u00e9t\u00e9 (telle que d\u00e9finie ci-apr\u00e8s) Responsable de publication : Omid AHMADI KERMANSHAHANI H\u00e9bergement : OVH Cloud &#8211; 2, Rue Kellermann, 59100 Roubaix \u2013 num\u00e9ro de contact : 1007 Site Design, integration and technical Support : L\u00e9a Rabatel, [&hellip;]","og_url":"https:\/\/footyfoot.com\/fr\/politique-de-confidentialite\/","og_site_name":"Footyfoot","article_modified_time":"2024-11-26T07:57:19+00:00","twitter_card":"summary_large_image","twitter_misc":{"Dur\u00e9e de lecture estim\u00e9e":"3 minutes"},"schema":{"@context":"https:\/\/schema.org","@graph":[{"@type":"WebPage","@id":"https:\/\/footyfoot.com\/fr\/politique-de-confidentialite\/","url":"https:\/\/footyfoot.com\/fr\/politique-de-confidentialite\/","name":"Politique de confidentialit\u00e9 - Footyfoot","isPartOf":{"@id":"https:\/\/footyfoot.com\/fr\/#website"},"datePublished":"2022-12-13T09:04:09+00:00","dateModified":"2024-11-26T07:57:19+00:00","breadcrumb":{"@id":"https:\/\/footyfoot.com\/fr\/politique-de-confidentialite\/#breadcrumb"},"inLanguage":"fr-FR","potentialAction":[{"@type":"ReadAction","target":["https:\/\/footyfoot.com\/fr\/politique-de-confidentialite\/"]}]},{"@type":"BreadcrumbList","@id":"https:\/\/footyfoot.com\/fr\/politique-de-confidentialite\/#breadcrumb","itemListElement":[{"@type":"ListItem","position":1,"name":"Accueil","item":"https:\/\/footyfoot.com\/fr\/"},{"@type":"ListItem","position":2,"name":"Politique de confidentialit\u00e9"}]},{"@type":"WebSite","@id":"https:\/\/footyfoot.com\/fr\/#website","url":"https:\/\/footyfoot.com\/fr\/","name":"Footyfoot","description":"","publisher":{"@id":"https:\/\/footyfoot.com\/fr\/#organization"},"potentialAction":[{"@type":"SearchAction","target":{"@type":"EntryPoint","urlTemplate":"https:\/\/footyfoot.com\/fr\/?s={search_term_string}"},"query-input":{"@type":"PropertyValueSpecification","valueRequired":true,"valueName":"search_term_string"}}],"inLanguage":"fr-FR"},{"@type":"Organization","@id":"https:\/\/footyfoot.com\/fr\/#organization","name":"Footyfoot","url":"https:\/\/footyfoot.com\/fr\/","logo":{"@type":"ImageObject","inLanguage":"fr-FR","@id":"https:\/\/footyfoot.com\/fr\/#\/schema\/logo\/image\/","url":"https:\/\/footyfoot.com\/wp-content\/uploads\/2022\/11\/Logo-Footyfoot.svg","contentUrl":"https:\/\/footyfoot.com\/wp-content\/uploads\/2022\/11\/Logo-Footyfoot.svg","width":225,"height":46.946,"caption":"Footyfoot"},"image":{"@id":"https:\/\/footyfoot.com\/fr\/#\/schema\/logo\/image\/"}}]}},"_links":{"self":[{"href":"https:\/\/footyfoot.com\/fr\/wp-json\/wp\/v2\/pages\/2210","targetHints":{"allow":["GET"]}}],"collection":[{"href":"https:\/\/footyfoot.com\/fr\/wp-json\/wp\/v2\/pages"}],"about":[{"href":"https:\/\/footyfoot.com\/fr\/wp-json\/wp\/v2\/types\/page"}],"author":[{"embeddable":true,"href":"https:\/\/footyfoot.com\/fr\/wp-json\/wp\/v2\/users\/2"}],"replies":[{"embeddable":true,"href":"https:\/\/footyfoot.com\/fr\/wp-json\/wp\/v2\/comments?post=2210"}],"version-history":[{"count":0,"href":"https:\/\/footyfoot.com\/fr\/wp-json\/wp\/v2\/pages\/2210\/revisions"}],"wp:attachment":[{"href":"https:\/\/footyfoot.com\/fr\/wp-json\/wp\/v2\/media?parent=2210"}],"curies":[{"name":"wp","href":"https:\/\/api.w.org\/{rel}","templated":true}]}}